{"id":362,"date":"2012-10-01T01:49:41","date_gmt":"2012-10-01T00:49:41","guid":{"rendered":"http:\/\/www.zeitgeist.pt\/?page_id=362"},"modified":"2023-10-17T22:05:46","modified_gmt":"2023-10-17T21:05:46","slug":"servidao-moderna","status":"publish","type":"page","link":"https:\/\/futuragora.org\/zeitgeist\/da-servidao-moderna\/servidao-moderna\/","title":{"rendered":"Servid\u00e3o Moderna"},"content":{"rendered":"<p>&nbsp;<\/p>\n<p><iframe loading=\"lazy\" title=\"DE LA SERVITUDE MODERNE\" src=\"https:\/\/www.youtube.com\/embed\/rczhi-yOicA\" allowfullscreen=\"allowfullscreen\" width=\"400\" height=\"300\" frameborder=\"0\"><\/iframe><\/p>\n<p>&nbsp;<\/p>\n<table width=\"489\" border=\"0\">\n<tbody>\n<tr>\n<td style=\"vertical-align: top; width: 221px;\"><a href=\"https:\/\/i0.wp.com\/futuragora.pt\/zeitgeist\/blog\/wp-content\/uploads\/2023\/10\/serv23.png?ssl=1\"><img data-recalc-dims=\"1\" loading=\"lazy\" decoding=\"async\" data-attachment-id=\"870\" data-permalink=\"https:\/\/futuragora.org\/zeitgeist\/da-servidao-moderna\/servidao-moderna\/serv23\/#main\" data-orig-file=\"https:\/\/i0.wp.com\/futuragora.org\/zeitgeist\/wp-content\/uploads\/2023\/10\/serv23.png?fit=1012%2C361&amp;ssl=1\" data-orig-size=\"1012,361\" data-comments-opened=\"1\" data-image-meta=\"{&quot;aperture&quot;:&quot;0&quot;,&quot;credit&quot;:&quot;&quot;,&quot;camera&quot;:&quot;&quot;,&quot;caption&quot;:&quot;&quot;,&quot;created_timestamp&quot;:&quot;0&quot;,&quot;copyright&quot;:&quot;&quot;,&quot;focal_length&quot;:&quot;0&quot;,&quot;iso&quot;:&quot;0&quot;,&quot;shutter_speed&quot;:&quot;0&quot;,&quot;title&quot;:&quot;&quot;,&quot;orientation&quot;:&quot;0&quot;}\" data-image-title=\"serv23\" data-image-description=\"\" data-image-caption=\"\" data-large-file=\"https:\/\/i0.wp.com\/futuragora.org\/zeitgeist\/wp-content\/uploads\/2023\/10\/serv23.png?fit=1012%2C361&amp;ssl=1\" class=\"alignnone size-medium wp-image-870\" src=\"https:\/\/i0.wp.com\/futuragora.pt\/zeitgeist\/blog\/wp-content\/uploads\/2023\/10\/serv23-300x107.png?resize=300%2C107&#038;ssl=1\" alt=\"\" width=\"300\" height=\"107\" srcset=\"https:\/\/i0.wp.com\/futuragora.org\/zeitgeist\/wp-content\/uploads\/2023\/10\/serv23.png?resize=300%2C107&amp;ssl=1 300w, https:\/\/i0.wp.com\/futuragora.org\/zeitgeist\/wp-content\/uploads\/2023\/10\/serv23.png?resize=768%2C274&amp;ssl=1 768w, https:\/\/i0.wp.com\/futuragora.org\/zeitgeist\/wp-content\/uploads\/2023\/10\/serv23.png?w=1012&amp;ssl=1 1012w\" sizes=\"auto, (max-width: 300px) 100vw, 300px\" \/><\/a><\/td>\n<td style=\"vertical-align: top; width: 345px; text-align: left; font-family: Helvetica,Arial,sans-serif;\"><small><small><small><\/small><\/small><strong>DE LA SERVITUDE MODERNE<\/strong><br \/>\n<em>(Da Servid\u00e3o Moderna)<\/em><br \/>\n2009<br \/>\nSite: <a title=\"Da Servid\u00e3o Moderna\" href=\"http:\/\/www.delaservitudemoderne.org\/\">https:\/\/onmodernservitude.org<\/a><br \/>\n<a title=\"A Servid\u00e3o dos Tempos Modernos\" href=\"https:\/\/youtu.be\/rczhi-yOicA\">Ver Online<\/a><br \/>\n<\/small><\/td>\n<\/tr>\n<\/tbody>\n<\/table>\n<p>&nbsp;<\/p>\n<p><strong>Da servid\u00e3o moderna \u00e9 um document\u00e1rio lan\u00e7ado em 2009<\/strong><\/p>\n<p>\u201c<em> A servid\u00e3o moderna \u00e9 uma escravid\u00e3o volunt\u00e1ria, consentida pela multid\u00e3o de escravos que se arrastam pela face da terra. Eles mesmos compram as mercadorias que os escravizam cada vez mais. Eles mesmos procuram um trabalho cada vez mais alienante que lhes \u00e9 dado, se demonstram estar suficientemente domados. Eles mesmos escolhem os mestres a quem dever\u00e3o servir. Para que esta trag\u00e9dia absurda possa ter lugar, foi necess\u00e1rio tirar desta classe a consci\u00eancia de sua explora\u00e7\u00e3o e de sua aliena\u00e7\u00e3o. A\u00ed est\u00e1 a estranha modernidade da nossa \u00e9poca. Contrariamente aos escravos da antiguidade, aos servos da Idade m\u00e9dia e aos oper\u00e1rios das primeiras revolu\u00e7\u00f5es industriais, estamos hoje em dia frente a uma classe totalmente escravizada, s\u00f3 que n\u00e3o sabe, ou melhor, n\u00e3o quer saber. Eles ignoram o que deveria ser a \u00fanica e leg\u00edtima rea\u00e7\u00e3o dos explorados. Eles n\u00e3o conhecem a rebeli\u00e3o, que deveria ser a \u00fanica rea\u00e7\u00e3o leg\u00edtima dos explorados. Aceitam sem discutir a vida lament\u00e1vel que se planejou para eles. A ren\u00fancia e a resigna\u00e7\u00e3o s\u00e3o a fonte de sua desgra\u00e7a.&#8221;<\/em><\/p>\n","protected":false},"excerpt":{"rendered":"<p>&nbsp; &nbsp; DE LA SERVITUDE MODERNE (Da Servid\u00e3o Moderna) 2009 Site: https:\/\/onmodernservitude.org Ver Online &nbsp; Da servid\u00e3o moderna \u00e9 um document\u00e1rio lan\u00e7ado em 2009 \u201c A servid\u00e3o moderna \u00e9 uma escravid\u00e3o volunt\u00e1ria, consentida pela multid\u00e3o de escravos que se arrastam pela face da terra. Eles mesmos compram as mercadorias que os escravizam cada vez mais. &#8230; <a title=\"Servid\u00e3o Moderna\" class=\"read-more\" href=\"https:\/\/futuragora.org\/zeitgeist\/da-servidao-moderna\/servidao-moderna\/\" aria-label=\"Leia mais sobre Servid\u00e3o Moderna\">Ler mais<\/a><\/p>\n","protected":false},"author":1,"featured_media":0,"parent":266,"menu_order":0,"comment_status":"open","ping_status":"open","template":"","meta":{"ngg_post_thumbnail":0,"jetpack_post_was_ever_published":false,"footnotes":""},"class_list":["post-362","page","type-page","status-publish"],"jetpack_sharing_enabled":true,"jetpack_shortlink":"https:\/\/wp.me\/PacB1n-5Q","jetpack-related-posts":[],"_links":{"self":[{"href":"https:\/\/futuragora.org\/zeitgeist\/wp-json\/wp\/v2\/pages\/362","targetHints":{"allow":["GET"]}}],"collection":[{"href":"https:\/\/futuragora.org\/zeitgeist\/wp-json\/wp\/v2\/pages"}],"about":[{"href":"https:\/\/futuragora.org\/zeitgeist\/wp-json\/wp\/v2\/types\/page"}],"author":[{"embeddable":true,"href":"https:\/\/futuragora.org\/zeitgeist\/wp-json\/wp\/v2\/users\/1"}],"replies":[{"embeddable":true,"href":"https:\/\/futuragora.org\/zeitgeist\/wp-json\/wp\/v2\/comments?post=362"}],"version-history":[{"count":11,"href":"https:\/\/futuragora.org\/zeitgeist\/wp-json\/wp\/v2\/pages\/362\/revisions"}],"predecessor-version":[{"id":872,"href":"https:\/\/futuragora.org\/zeitgeist\/wp-json\/wp\/v2\/pages\/362\/revisions\/872"}],"up":[{"embeddable":true,"href":"https:\/\/futuragora.org\/zeitgeist\/wp-json\/wp\/v2\/pages\/266"}],"wp:attachment":[{"href":"https:\/\/futuragora.org\/zeitgeist\/wp-json\/wp\/v2\/media?parent=362"}],"curies":[{"name":"wp","href":"https:\/\/api.w.org\/{rel}","templated":true}]}}