{"id":21,"date":"2012-09-11T10:37:12","date_gmt":"2012-09-11T09:37:12","guid":{"rendered":"http:\/\/zeitgeistportugal.com\/?page_id=21"},"modified":"2023-10-13T02:47:19","modified_gmt":"2023-10-13T01:47:19","slug":"projeto-venus","status":"publish","type":"page","link":"https:\/\/futuragora.org\/zeitgeist\/projeto-venus\/","title":{"rendered":"Projecto V\u00e9nus"},"content":{"rendered":"<p>\u00c9 in\u00fatil criticar a cultura sem providenciar alternativas. O Projecto V\u00e9nus prop\u00f5e planos para uma mudan\u00e7a social que funciona num contexto civilizacional pac\u00edfico e sustent\u00e1vel. Ele projecta um design social alternativo, onde os direitos humanos n\u00e3o s\u00e3o apenas proclama\u00e7\u00f5es em papel, mas sim um estilo de vida. Actualizar o fracassado modelo social com os conhecimentos tecnol\u00f3gicos actuais, utilizando o m\u00e9todo cient\u00edfico na abordagem social, surge n\u00e3o s\u00f3 como um imperativo mas tamb\u00e9m como a medida empiricamente mais assertiva a tomar. O Projecto V\u00e9nus reclama um redesenho cient\u00edfico da nossa cultura, onde a guerra, a pobreza, a fome, a d\u00edvida e o sofrimento humano desnecess\u00e1rio s\u00e3o vistos n\u00e3o como evit\u00e1veis, mas como inaceit\u00e1veis. Qualquer outra tentativa resultar\u00e1 numa desastrosa continua\u00e7\u00e3o dos problemas herdados pelo mundo de hoje.<\/p>\n<p><a href=\"https:\/\/i0.wp.com\/futuragora.pt\/zeitgeist\/blog\/wp-content\/uploads\/2012\/06\/77_VP.jpg?ssl=1\"><img data-recalc-dims=\"1\" loading=\"lazy\" decoding=\"async\" data-attachment-id=\"230\" data-permalink=\"https:\/\/futuragora.org\/zeitgeist\/2012\/06\/transicao-para-uma-sociedade-sustentavel\/77_vp\/#main\" data-orig-file=\"https:\/\/i0.wp.com\/futuragora.org\/zeitgeist\/wp-content\/uploads\/2012\/06\/77_VP.jpg?fit=425%2C234&amp;ssl=1\" data-orig-size=\"425,234\" data-comments-opened=\"1\" data-image-meta=\"{&quot;aperture&quot;:&quot;0&quot;,&quot;credit&quot;:&quot;&quot;,&quot;camera&quot;:&quot;&quot;,&quot;caption&quot;:&quot;&quot;,&quot;created_timestamp&quot;:&quot;0&quot;,&quot;copyright&quot;:&quot;&quot;,&quot;focal_length&quot;:&quot;0&quot;,&quot;iso&quot;:&quot;0&quot;,&quot;shutter_speed&quot;:&quot;0&quot;,&quot;title&quot;:&quot;&quot;}\" data-image-title=\"77_VP\" data-image-description=\"\" data-image-caption=\"\" data-large-file=\"https:\/\/i0.wp.com\/futuragora.org\/zeitgeist\/wp-content\/uploads\/2012\/06\/77_VP.jpg?fit=425%2C234&amp;ssl=1\" class=\"alignnone size-medium wp-image-230\" src=\"https:\/\/i0.wp.com\/futuragora.pt\/zeitgeist\/blog\/wp-content\/uploads\/2012\/06\/77_VP-300x165.jpg?resize=300%2C165&#038;ssl=1\" alt=\"\" width=\"300\" height=\"165\" srcset=\"https:\/\/i0.wp.com\/futuragora.org\/zeitgeist\/wp-content\/uploads\/2012\/06\/77_VP.jpg?resize=300%2C165&amp;ssl=1 300w, https:\/\/i0.wp.com\/futuragora.org\/zeitgeist\/wp-content\/uploads\/2012\/06\/77_VP.jpg?w=425&amp;ssl=1 425w\" sizes=\"auto, (max-width: 300px) 100vw, 300px\" \/><\/a><\/p>\n<p><small><small><small><strong>PARADISE OR OBLIVION<\/strong><\/small><br \/>\n(<\/small><em>Para\u00edso ou Esquecimento<\/em>)<br \/>\n2012<br \/>\n<\/small><small>Site: <a href=\"http:\/\/www.thevenusproject.com\/\">www.thevenusproject.com<\/a><\/p>\n<p><\/small><\/p>\n<p><span class=\"embed-youtube\" style=\"text-align:center; display: block;\"><iframe loading=\"lazy\" class=\"youtube-player\" width=\"1200\" height=\"675\" src=\"https:\/\/www.youtube.com\/embed\/KphWsnhZ4Ag?version=3&#038;rel=1&#038;showsearch=0&#038;showinfo=1&#038;iv_load_policy=1&#038;fs=1&#038;hl=pt-PT&#038;autohide=2&#038;wmode=transparent\" allowfullscreen=\"true\" style=\"border:0;\" sandbox=\"allow-scripts allow-same-origin allow-popups allow-presentation allow-popups-to-escape-sandbox\"><\/iframe><\/span><\/p>\n<p>Podemos definir a economia baseada nos recursos como um sistema econ\u00f3mico e social onde todos os bens e servi\u00e7os est\u00e3o dispon\u00edveis sem necessidade de recorrer ao uso de dinheiro, cr\u00e9dito, caridade ou qualquer outro sistema de d\u00e9bito ou servid\u00e3o. Todos os recursos tornam-se uma heran\u00e7a comum de todos os habitantes e n\u00e3o de apenas uns poucos seleccionados. A premissa base deste sistema \u00e9 de que a Terra \u00e9 abundante em recursos, no entanto a nossa pr\u00e1tica de racionamento de recursos atrav\u00e9s de m\u00e9todos monet\u00e1rios \u00e9 irrelevante e contraprodutiva \u00e0 nossa sobreviv\u00eancia.<\/p>\n<p>A sociedade moderna tem acesso a tecnologias de ponta e pode disponibilizar comida, roupa, alojamento e assist\u00eancia m\u00e9dica, pode actualizar o nosso sistema de educa\u00e7\u00e3o, e desenvolver um fornecimento ilimitado de energia renov\u00e1vel e n\u00e3o-poluente. Desta forma poderemos fornecer um modelo de uma economia eficiente onde todos podem desfrutar de um elevad\u00edssimo padr\u00e3o de vida com todas as vantagens de uma sociedade altamente tecnol\u00f3gica.<\/p>\n<p>Uma economia baseada nos recursos usar\u00e1 os recursos existentes da terra e do mar, o equipamento f\u00edsico, ind\u00fastrias e tecnologia, para melhorar a vida de toda a popula\u00e7\u00e3o. Numa economia baseada nos recursos em vez do dinheiro, poderemos facilmente produzir todas as necessidades biol\u00f3gicas e fornecer um elevado padr\u00e3o de vida para todos.<\/p>\n<p>&nbsp;<\/p>\n<p><strong>DESIGNING THE FUTURE<\/strong><br \/>\n(Desenhando o futuro)<br \/>\n2009<br \/>\nSite: <a href=\"https:\/\/thevenusproject.com\">www.thevenusproject.com<\/a><br \/>\n<a href=\"http:\/\/www.zeitgeist.pt\/blog\/projeto-venus\/desenhando-o-futuro\/\">Ver Online<\/a> | Divx | Torrent<\/p>\n<p><small><a href=\"https:\/\/i0.wp.com\/www.zeitgeist.pt\/wp-content\/uploads\/2011\/12\/zmficon1.jpg\"><img data-recalc-dims=\"1\" loading=\"lazy\" decoding=\"async\" src=\"https:\/\/i0.wp.com\/www.zeitgeist.pt\/wp-content\/uploads\/2012\/09\/the_venus_project-300x125.jpg?resize=199%2C134\" alt=\"\" width=\"199\" height=\"134\"><\/a><a href=\"https:\/\/i0.wp.com\/zeitgeist.futuragora.pt\/blog\/wp-content\/uploads\/2019\/06\/jacquefresco-1024x466.jpg\"><img data-recalc-dims=\"1\" loading=\"lazy\" decoding=\"async\" data-attachment-id=\"751\" data-permalink=\"https:\/\/futuragora.org\/zeitgeist\/projeto-venus\/jacquefresco-1024x466\/#main\" data-orig-file=\"https:\/\/i0.wp.com\/futuragora.org\/zeitgeist\/wp-content\/uploads\/2019\/06\/jacquefresco-1024x466.jpg?fit=1024%2C466&amp;ssl=1\" data-orig-size=\"1024,466\" data-comments-opened=\"1\" data-image-meta=\"{&quot;aperture&quot;:&quot;0&quot;,&quot;credit&quot;:&quot;&quot;,&quot;camera&quot;:&quot;&quot;,&quot;caption&quot;:&quot;&quot;,&quot;created_timestamp&quot;:&quot;0&quot;,&quot;copyright&quot;:&quot;&quot;,&quot;focal_length&quot;:&quot;0&quot;,&quot;iso&quot;:&quot;0&quot;,&quot;shutter_speed&quot;:&quot;0&quot;,&quot;title&quot;:&quot;&quot;,&quot;orientation&quot;:&quot;0&quot;}\" data-image-title=\"jacquefresco-1024&#215;466\" data-image-description=\"\" data-image-caption=\"\" data-large-file=\"https:\/\/i0.wp.com\/futuragora.org\/zeitgeist\/wp-content\/uploads\/2019\/06\/jacquefresco-1024x466.jpg?fit=1024%2C466&amp;ssl=1\" class=\"alignleft size-full wp-image-751\" src=\"https:\/\/i0.wp.com\/zeitgeist.futuragora.pt\/blog\/wp-content\/uploads\/2019\/06\/jacquefresco-1024x466.jpg?resize=1024%2C466\" alt=\"\" width=\"1024\" height=\"466\" srcset=\"https:\/\/i0.wp.com\/futuragora.org\/zeitgeist\/wp-content\/uploads\/2019\/06\/jacquefresco-1024x466.jpg?resize=1024%2C466&amp;ssl=1 1024w, https:\/\/i0.wp.com\/futuragora.org\/zeitgeist\/wp-content\/uploads\/2019\/06\/jacquefresco-1024x466.jpg?resize=300%2C137&amp;ssl=1 300w, https:\/\/i0.wp.com\/futuragora.org\/zeitgeist\/wp-content\/uploads\/2019\/06\/jacquefresco-1024x466.jpg?resize=768%2C350&amp;ssl=1 768w\" sizes=\"auto, (max-width: 1024px) 100vw, 1024px\" \/><\/a><a href=\"https:\/\/i0.wp.com\/zeitgeist.futuragora.pt\/blog\/wp-content\/uploads\/2019\/06\/The-Venus-Project-concept-city-3.jpg\"><img data-recalc-dims=\"1\" loading=\"lazy\" decoding=\"async\" data-attachment-id=\"752\" data-permalink=\"https:\/\/futuragora.org\/zeitgeist\/projeto-venus\/the-venus-project-concept-city-3\/#main\" data-orig-file=\"https:\/\/i0.wp.com\/futuragora.org\/zeitgeist\/wp-content\/uploads\/2019\/06\/The-Venus-Project-concept-city-3.jpg?fit=1920%2C600&amp;ssl=1\" data-orig-size=\"1920,600\" data-comments-opened=\"1\" data-image-meta=\"{&quot;aperture&quot;:&quot;0&quot;,&quot;credit&quot;:&quot;&quot;,&quot;camera&quot;:&quot;&quot;,&quot;caption&quot;:&quot;&quot;,&quot;created_timestamp&quot;:&quot;0&quot;,&quot;copyright&quot;:&quot;&quot;,&quot;focal_length&quot;:&quot;0&quot;,&quot;iso&quot;:&quot;0&quot;,&quot;shutter_speed&quot;:&quot;0&quot;,&quot;title&quot;:&quot;&quot;,&quot;orientation&quot;:&quot;0&quot;}\" data-image-title=\"The-Venus-Project-concept-city-3\" data-image-description=\"\" data-image-caption=\"\" data-large-file=\"https:\/\/i0.wp.com\/futuragora.org\/zeitgeist\/wp-content\/uploads\/2019\/06\/The-Venus-Project-concept-city-3.jpg?fit=1024%2C320&amp;ssl=1\" class=\"alignleft size-full wp-image-752\" src=\"https:\/\/i0.wp.com\/zeitgeist.futuragora.pt\/blog\/wp-content\/uploads\/2019\/06\/The-Venus-Project-concept-city-3.jpg?resize=1200%2C375\" alt=\"\" width=\"1200\" height=\"375\" srcset=\"https:\/\/i0.wp.com\/futuragora.org\/zeitgeist\/wp-content\/uploads\/2019\/06\/The-Venus-Project-concept-city-3.jpg?w=1920&amp;ssl=1 1920w, https:\/\/i0.wp.com\/futuragora.org\/zeitgeist\/wp-content\/uploads\/2019\/06\/The-Venus-Project-concept-city-3.jpg?resize=300%2C94&amp;ssl=1 300w, https:\/\/i0.wp.com\/futuragora.org\/zeitgeist\/wp-content\/uploads\/2019\/06\/The-Venus-Project-concept-city-3.jpg?resize=768%2C240&amp;ssl=1 768w, https:\/\/i0.wp.com\/futuragora.org\/zeitgeist\/wp-content\/uploads\/2019\/06\/The-Venus-Project-concept-city-3.jpg?resize=1024%2C320&amp;ssl=1 1024w\" sizes=\"auto, (max-width: 1200px) 100vw, 1200px\" \/><\/a><\/small><small><br \/>\n<\/small><\/p>\n<p><a href=\"http:\/\/futuragora.pt\">Futuragora<\/a> &#8211; Associa\u00e7\u00e3o para a Economia Baseada nos Recursos<\/p>\n<p>Saber mais sobre economia baseada nos recursos em:<a href=\" http:\/\/rbe-pod.net\/pt\/\"> http:\/\/futuragora.pt\/wiki<\/a><\/p>\n","protected":false},"excerpt":{"rendered":"<p>\u00c9 in\u00fatil criticar a cultura sem providenciar alternativas. O Projecto V\u00e9nus prop\u00f5e planos para uma mudan\u00e7a social que funciona num contexto civilizacional pac\u00edfico e sustent\u00e1vel. Ele projecta um design social alternativo, onde os direitos humanos n\u00e3o s\u00e3o apenas proclama\u00e7\u00f5es em papel, mas sim um estilo de vida. Actualizar o fracassado modelo social com os conhecimentos &#8230; <a title=\"Projecto V\u00e9nus\" class=\"read-more\" href=\"https:\/\/futuragora.org\/zeitgeist\/projeto-venus\/\" aria-label=\"Leia mais sobre Projecto V\u00e9nus\">Ler mais<\/a><\/p>\n","protected":false},"author":1,"featured_media":0,"parent":0,"menu_order":3,"comment_status":"open","ping_status":"closed","template":"","meta":{"ngg_post_thumbnail":0,"jetpack_post_was_ever_published":false,"footnotes":""},"class_list":["post-21","page","type-page","status-publish"],"jetpack_sharing_enabled":true,"jetpack_shortlink":"https:\/\/wp.me\/PacB1n-l","jetpack-related-posts":[],"_links":{"self":[{"href":"https:\/\/futuragora.org\/zeitgeist\/wp-json\/wp\/v2\/pages\/21","targetHints":{"allow":["GET"]}}],"collection":[{"href":"https:\/\/futuragora.org\/zeitgeist\/wp-json\/wp\/v2\/pages"}],"about":[{"href":"https:\/\/futuragora.org\/zeitgeist\/wp-json\/wp\/v2\/types\/page"}],"author":[{"embeddable":true,"href":"https:\/\/futuragora.org\/zeitgeist\/wp-json\/wp\/v2\/users\/1"}],"replies":[{"embeddable":true,"href":"https:\/\/futuragora.org\/zeitgeist\/wp-json\/wp\/v2\/comments?post=21"}],"version-history":[{"count":22,"href":"https:\/\/futuragora.org\/zeitgeist\/wp-json\/wp\/v2\/pages\/21\/revisions"}],"predecessor-version":[{"id":867,"href":"https:\/\/futuragora.org\/zeitgeist\/wp-json\/wp\/v2\/pages\/21\/revisions\/867"}],"wp:attachment":[{"href":"https:\/\/futuragora.org\/zeitgeist\/wp-json\/wp\/v2\/media?parent=21"}],"curies":[{"name":"wp","href":"https:\/\/api.w.org\/{rel}","templated":true}]}}